{"id":685,"date":"2024-05-23T16:25:37","date_gmt":"2024-05-23T20:25:37","guid":{"rendered":"https:\/\/cdc-vimont.swlauriersb.vortexdev.com\/about-us\/"},"modified":"2024-09-30T14:38:25","modified_gmt":"2024-09-30T18:38:25","slug":"about-us","status":"publish","type":"page","link":"https:\/\/cdc-vimont.swlauriersb.vortexdev.com\/fr\/about-us\/","title":{"rendered":"\u00c0 propos de nous"},"content":{"rendered":"\n<p>Le CDC Vimont et le CDC Lachute sont les centres d\u2019\u00e9ducation des adultes de la Commission scolaire Sir-Wilfrid-Laurier.<\/p>\n\n\n\n<p>Nous sommes deux centres situ\u00e9s \u00e0 Laval et dans les Laurentides o\u00f9 votre \u00e9ducation est adapt\u00e9e \u00e0 vos besoins. Nos centres sont des environnements de petite taille, inclusifs et ax\u00e9s sur la communaut\u00e9, qui offrent aux \u00e9l\u00e8ves l\u2019attention dont ils ont besoin pour r\u00e9ussir. Nous avons des enseignants d\u00e9vou\u00e9s, des conseillers d\u2019orientation et une travailleuse sociale sur place pour r\u00e9pondre \u00e0 tous les besoins des \u00e9l\u00e8ves.<\/p>\n\n\n\n<p>Que vous soyez un adulte qui cherche \u00e0 obtenir son dipl\u00f4me d&#8217;\u00e9tudes secondaires, un dipl\u00f4m\u00e9 r\u00e9cent qui souhaite obtenir les pr\u00e9requis pour le CEGEP ou un m\u00e9tier, ou un immigrant nouvellement arriv\u00e9 qui cherche \u00e0 apprendre le fran\u00e7ais ou l&#8217;anglais, nous avons ce qu&#8217;il vous faut pour vous aider \u00e0 r\u00e9ussir !<\/p>\n\n\n\n<h2 class=\"wp-block-heading\">Ce que nous offrons:<\/h2>\n\n\n\n<div class=\"wp-block-media-text is-stacked-on-mobile\"><figure class=\"wp-block-media-text__media\"><img loading=\"lazy\" decoding=\"async\" width=\"1024\" height=\"889\" src=\"http:\/\/cdc-vimont.swlauriersb.vortexdev.com\/wp-content\/uploads\/sites\/44\/2024\/09\/20240702_102219-1024x889.jpg\" alt=\"\" class=\"wp-image-1365 size-full\" srcset=\"https:\/\/cdc-vimont.swlauriersb.vortexdev.com\/wp-content\/uploads\/sites\/44\/2024\/09\/20240702_102219-1024x889.jpg 1024w, https:\/\/cdc-vimont.swlauriersb.vortexdev.com\/wp-content\/uploads\/sites\/44\/2024\/09\/20240702_102219-300x260.jpg 300w, https:\/\/cdc-vimont.swlauriersb.vortexdev.com\/wp-content\/uploads\/sites\/44\/2024\/09\/20240702_102219-768x666.jpg 768w, https:\/\/cdc-vimont.swlauriersb.vortexdev.com\/wp-content\/uploads\/sites\/44\/2024\/09\/20240702_102219-1536x1333.jpg 1536w, https:\/\/cdc-vimont.swlauriersb.vortexdev.com\/wp-content\/uploads\/sites\/44\/2024\/09\/20240702_102219-2048x1777.jpg 2048w\" sizes=\"(max-width: 1024px) 100vw, 1024px\" \/><\/figure><div class=\"wp-block-media-text__content\">\n<p><strong>CDC Vimont:<\/strong><\/p>\n\n\n\n<p>\u2022 Cours menant \u00e0 l&#8217;obtention de votre dipl\u00f4me d&#8217;\u00e9tudes secondaires (DES)<br>\u2022 Pr\u00e9alables pour la formation professionnelle<br>\u2022 \u00c9tudes postsecondaires pour le C\u00c9GEP<br>\u2022 Cours de francisation pour faciliter votre int\u00e9gration \u00e0 la soci\u00e9t\u00e9 qu\u00e9b\u00e9coise<br>\u2022 Cours d\u2019anglais de base de niveau d\u00e9butant \u00e0 interm\u00e9diaire <br>\u2022 Service de participation sociale (PS) pour les adultes ayant des besoins particuliers<\/p>\n\n\n\n<p>2100, boulevard des Laurentides<br>Laval (Qu\u00e9bec) H7M 2Y6<br>450.688.2933 \/ 1 877.688.2933<\/p>\n<\/div><\/div>\n\n\n\n<div class=\"wp-block-media-text is-stacked-on-mobile\"><figure class=\"wp-block-media-text__media\"><img loading=\"lazy\" decoding=\"async\" width=\"1024\" height=\"612\" src=\"http:\/\/cdc-vimont.swlauriersb.vortexdev.com\/wp-content\/uploads\/sites\/44\/2024\/09\/Lachute-1024x612.jpg\" alt=\"\" class=\"wp-image-1359 size-full\" srcset=\"https:\/\/cdc-vimont.swlauriersb.vortexdev.com\/wp-content\/uploads\/sites\/44\/2024\/09\/Lachute-1024x612.jpg 1024w, https:\/\/cdc-vimont.swlauriersb.vortexdev.com\/wp-content\/uploads\/sites\/44\/2024\/09\/Lachute-300x179.jpg 300w, https:\/\/cdc-vimont.swlauriersb.vortexdev.com\/wp-content\/uploads\/sites\/44\/2024\/09\/Lachute-768x459.jpg 768w, https:\/\/cdc-vimont.swlauriersb.vortexdev.com\/wp-content\/uploads\/sites\/44\/2024\/09\/Lachute-1536x918.jpg 1536w, https:\/\/cdc-vimont.swlauriersb.vortexdev.com\/wp-content\/uploads\/sites\/44\/2024\/09\/Lachute.jpg 1920w\" sizes=\"(max-width: 1024px) 100vw, 1024px\" \/><\/figure><div class=\"wp-block-media-text__content\">\n<p><strong>CDC Lachute:<\/strong><\/p>\n\n\n\n<p>\u2022 Cours menant \u00e0 l&#8217;obtention de votre dipl\u00f4me d&#8217;\u00e9tudes secondaires (DES)<br>\u2022 Pr\u00e9alables pour la formation professionnelle<br>\u2022 \u00c9tudes postsecondaires pour le C\u00c9GEP<br>\u2022 Cours de francisation pour faciliter votre int\u00e9gration \u00e0 la soci\u00e9t\u00e9 qu\u00e9b\u00e9coise<br>\u2022 Cours d\u2019anglais de base de niveau d\u00e9butant \u00e0 interm\u00e9diaire <\/p>\n\n\n\n<p>57, rue Harriet<br>Lachute (Qu\u00e9bec) J8H 4H6<br>450.562.3721<\/p>\n<\/div><\/div>\n","protected":false},"excerpt":{"rendered":"<p>Le CDC Vimont et le CDC Lachute sont les centres d\u2019\u00e9ducation des adultes de la Commission scolaire Sir-Wilfrid-Laurier. Nous sommes deux centres situ\u00e9s \u00e0 Laval et dans les Laurentides o\u00f9 votre \u00e9ducation est adapt\u00e9e \u00e0 vos besoins. Nos centres sont des environnements de petite taille, inclusifs et ax\u00e9s sur la communaut\u00e9, qui offrent aux \u00e9l\u00e8ves&hellip;<\/p>\n","protected":false},"author":1,"featured_media":1659,"parent":0,"menu_order":0,"comment_status":"closed","ping_status":"closed","template":"","meta":{"_acf_changed":false,"_relevanssi_hide_post":"","_relevanssi_hide_content":"","_relevanssi_pin_for_all":"","_relevanssi_pin_keywords":"","_relevanssi_unpin_keywords":"","_relevanssi_related_keywords":"","_relevanssi_related_include_ids":"","_relevanssi_related_exclude_ids":"","_relevanssi_related_no_append":"","_relevanssi_related_not_related":"","_relevanssi_related_posts":"","_relevanssi_noindex_reason":"","footnotes":""},"acf":[],"_links":{"self":[{"href":"https:\/\/cdc-vimont.swlauriersb.vortexdev.com\/fr\/wp-json\/wp\/v2\/pages\/685"}],"collection":[{"href":"https:\/\/cdc-vimont.swlauriersb.vortexdev.com\/fr\/wp-json\/wp\/v2\/pages"}],"about":[{"href":"https:\/\/cdc-vimont.swlauriersb.vortexdev.com\/fr\/wp-json\/wp\/v2\/types\/page"}],"author":[{"embeddable":true,"href":"https:\/\/cdc-vimont.swlauriersb.vortexdev.com\/fr\/wp-json\/wp\/v2\/users\/1"}],"replies":[{"embeddable":true,"href":"https:\/\/cdc-vimont.swlauriersb.vortexdev.com\/fr\/wp-json\/wp\/v2\/comments?post=685"}],"version-history":[{"count":8,"href":"https:\/\/cdc-vimont.swlauriersb.vortexdev.com\/fr\/wp-json\/wp\/v2\/pages\/685\/revisions"}],"predecessor-version":[{"id":1529,"href":"https:\/\/cdc-vimont.swlauriersb.vortexdev.com\/fr\/wp-json\/wp\/v2\/pages\/685\/revisions\/1529"}],"wp:featuredmedia":[{"embeddable":true,"href":"https:\/\/cdc-vimont.swlauriersb.vortexdev.com\/fr\/wp-json\/wp\/v2\/media\/1659"}],"wp:attachment":[{"href":"https:\/\/cdc-vimont.swlauriersb.vortexdev.com\/fr\/wp-json\/wp\/v2\/media?parent=685"}],"curies":[{"name":"wp","href":"https:\/\/api.w.org\/{rel}","templated":true}]}}