{"id":678,"date":"2024-05-23T16:31:02","date_gmt":"2024-05-23T20:31:02","guid":{"rendered":"https:\/\/cdc-vimont.swlauriersb.vortexdev.com\/admission\/"},"modified":"2024-11-29T08:54:28","modified_gmt":"2024-11-29T13:54:28","slug":"admission","status":"publish","type":"page","link":"https:\/\/cdc-vimont.swlauriersb.vortexdev.com\/fr\/admission\/","title":{"rendered":"Admission"},"content":{"rendered":"\n<p>Les programmes sont offerts \u00e0 tous les \u00e9l\u00e8ves qui sont des r\u00e9sidents l\u00e9gaux du Qu\u00e9bec et qui sont \u00e2g\u00e9s de 16 ans en date du 30 juin de l&#8217;ann\u00e9e en cours.<\/p>\n\n\n\n<p>Les candidats peuvent \u00eatre invit\u00e9s \u00e0 passer un examen de classement avant de s&#8217;inscrire. <\/p>\n\n\n\n<h3 class=\"wp-block-heading\">Documents requis<\/h3>\n\n\n\n<div class=\"block-accordions-group theme-block theme-block--innerblock aligndefault\">\n    <span class=\"theme-block__label\">Accord\u00e9ons<\/span>\n  \n    \n<div class=\"block-accordion  theme-block theme-block--innerblock aligndefault\">\n    <span class=\"theme-block__label\">Accord\u00e9on<\/span>\n    <h3 class=\"block-accordion__title\">N\u00e9(e) au Qu\u00e9bec<\/h3>\n    \n\n<ul>\n<li>Certificat de naissance original (avec le nom des parents)<\/li>\n\n\n\n<li>Dipl\u00f4me d&#8217;\u00e9tudes secondaires ou dernier relev\u00e9 des apprentissages d\u00e9livr\u00e9 par le MEQ<\/li>\n\n\n\n<li>Carte d\u2019assurance-maladie ou permis de conduire valide<\/li>\n<\/ul>\n\n\n\n<p><\/p>\n\n\n<\/div>\n\n                    \n\n\n<div class=\"block-accordion  theme-block theme-block--innerblock aligndefault\">\n    <span class=\"theme-block__label\">Accord\u00e9on<\/span>\n    <h3 class=\"block-accordion__title\">N\u00e9(e) au Canada<\/h3>\n    \n\n<ul>\n<li>Certificat de naissance original (avec le nom des parents)<\/li>\n\n\n\n<li>Dernier relev\u00e9 des apprentissages ou \u00e9valuation comparative des \u00e9tudes effectu\u00e9es hors du Qu\u00e9bec<\/li>\n\n\n\n<li>Carte d\u2019assurance-maladie ou permis de conduire valide<\/li>\n<\/ul>\n\n\n\n<p><\/p>\n\n\n<\/div>\n\n                    \n\n\n<div class=\"block-accordion  theme-block theme-block--innerblock aligndefault\">\n    <span class=\"theme-block__label\">Accord\u00e9on<\/span>\n    <h3 class=\"block-accordion__title\">N\u00e9(e) \u00e0 l&#039;ext\u00e9rieur du Canada<\/h3>\n    \n\n<p>Vous devez pr\u00e9senter l\u2019un des documents suivants ET votre carte d&#8217;assurance maladie ou permis de conduire valide:<\/p>\n\n\n\n<ul>\n<li>Carte de r\u00e9sidence permanente<\/li>\n\n\n\n<li>Confirmation de r\u00e9sidence permanente (IMM 1000, IMM 5292 ou IMM 5688)<\/li>\n\n\n\n<li>Confirmation de r\u00e9sidence permanente (IMM 1000, IMM 5292 ou IMM 5688)<\/li>\n\n\n\n<li>Carte ou certificat de citoyennet\u00e9 canadienne<\/li>\n\n\n\n<li>Certificat de s\u00e9lection du Qu\u00e9bec (CSQ) indiquant le code RA ou R8&nbsp;<\/li>\n\n\n\n<li>Document du demandeur d&#8217;asile<\/li>\n\n\n\n<li>Certificat d&#8217;acceptation du Qu\u00e9bec (CAQ) et permis d&#8217;\u00e9tudes si vous avez 18 ans et plus<\/li>\n<\/ul>\n\n\n\n<p>Veuillez communiquer avec nous pour tout autre document accept\u00e9. Les candidats non \u00e9ligibles peuvent \u00eatre amen\u00e9s \u00e0 payer des frais.<\/p>\n\n\n<\/div>\n\n                    \n\n\n<\/div>\n\n\n\n<p><strong>POUR VOUS INSCRIRE, VEUILLEZ COMMUNIQUER AVEC L&#8217;UN DE NOS CENTRES POUR PRENDRE RENDEZ-VOUS<\/strong><\/p>\n\n\n\n<p><strong>CDC Vimont (Laval)<br><\/strong>450 688.2933 \/ 1 877 688.2933<\/p>\n\n\n\n<p><strong>CDC Lachute (Laurentides)<\/strong><br>450 562.3721<\/p>\n","protected":false},"excerpt":{"rendered":"<p>Les programmes sont offerts \u00e0 tous les \u00e9l\u00e8ves qui sont des r\u00e9sidents l\u00e9gaux du Qu\u00e9bec et qui sont \u00e2g\u00e9s de 16 ans en date du 30 juin de l&#8217;ann\u00e9e en cours. Les candidats peuvent \u00eatre invit\u00e9s \u00e0 passer un examen de classement avant de s&#8217;inscrire. Documents requis POUR VOUS INSCRIRE, VEUILLEZ COMMUNIQUER AVEC L&#8217;UN DE&hellip;<\/p>\n","protected":false},"author":1,"featured_media":1329,"parent":0,"menu_order":0,"comment_status":"closed","ping_status":"closed","template":"","meta":{"_acf_changed":false,"_relevanssi_hide_post":"","_relevanssi_hide_content":"","_relevanssi_pin_for_all":"","_relevanssi_pin_keywords":"","_relevanssi_unpin_keywords":"","_relevanssi_related_keywords":"","_relevanssi_related_include_ids":"","_relevanssi_related_exclude_ids":"","_relevanssi_related_no_append":"","_relevanssi_related_not_related":"","_relevanssi_related_posts":"","_relevanssi_noindex_reason":"","footnotes":""},"acf":[],"_links":{"self":[{"href":"https:\/\/cdc-vimont.swlauriersb.vortexdev.com\/fr\/wp-json\/wp\/v2\/pages\/678"}],"collection":[{"href":"https:\/\/cdc-vimont.swlauriersb.vortexdev.com\/fr\/wp-json\/wp\/v2\/pages"}],"about":[{"href":"https:\/\/cdc-vimont.swlauriersb.vortexdev.com\/fr\/wp-json\/wp\/v2\/types\/page"}],"author":[{"embeddable":true,"href":"https:\/\/cdc-vimont.swlauriersb.vortexdev.com\/fr\/wp-json\/wp\/v2\/users\/1"}],"replies":[{"embeddable":true,"href":"https:\/\/cdc-vimont.swlauriersb.vortexdev.com\/fr\/wp-json\/wp\/v2\/comments?post=678"}],"version-history":[{"count":8,"href":"https:\/\/cdc-vimont.swlauriersb.vortexdev.com\/fr\/wp-json\/wp\/v2\/pages\/678\/revisions"}],"predecessor-version":[{"id":1651,"href":"https:\/\/cdc-vimont.swlauriersb.vortexdev.com\/fr\/wp-json\/wp\/v2\/pages\/678\/revisions\/1651"}],"wp:featuredmedia":[{"embeddable":true,"href":"https:\/\/cdc-vimont.swlauriersb.vortexdev.com\/fr\/wp-json\/wp\/v2\/media\/1329"}],"wp:attachment":[{"href":"https:\/\/cdc-vimont.swlauriersb.vortexdev.com\/fr\/wp-json\/wp\/v2\/media?parent=678"}],"curies":[{"name":"wp","href":"https:\/\/api.w.org\/{rel}","templated":true}]}}