{"id":674,"date":"2024-05-24T08:22:03","date_gmt":"2024-05-24T12:22:03","guid":{"rendered":"https:\/\/cdc-vimont.swlauriersb.vortexdev.com\/f-a-q\/"},"modified":"2024-09-19T11:41:31","modified_gmt":"2024-09-19T15:41:31","slug":"f-a-q","status":"publish","type":"page","link":"https:\/\/cdc-vimont.swlauriersb.vortexdev.com\/fr\/f-a-q\/","title":{"rendered":"F.A.Q"},"content":{"rendered":"\n<div class=\"block-accordions-group theme-block theme-block--innerblock aligndefault\">\n    <span class=\"theme-block__label\">Accord\u00e9ons<\/span>\n  \n    \n<div class=\"block-accordion  theme-block theme-block--innerblock aligndefault\">\n    <span class=\"theme-block__label\">Accord\u00e9on<\/span>\n    <h3 class=\"block-accordion__title\">Comment puis-je m\u2019inscrire \u00e0 un de vos centres?<\/h3>\n    \n\n<p>Pour vous inscrire, vous pouvez vous r\u00e9f\u00e9rer \u00e0 la section <a href=\"https:\/\/cdc-vimont.swlauriersb.vortexdev.com\/fr\/admission\/\" data-type=\"link\" data-id=\"https:\/\/cdc-vimont.swlauriersb.vortexdev.com\/fr\/admission\/\">Admission <\/a>.&nbsp;Pour des renseignements additionnels, vous pouvez communiquer directement avec nous au 450 688.2933 \/ 1 877 688.2933.<\/p>\n\n\n<\/div>\n\n                    \n\n\n<div class=\"block-accordion  theme-block theme-block--innerblock aligndefault\">\n    <span class=\"theme-block__label\">Accord\u00e9on<\/span>\n    <h3 class=\"block-accordion__title\">Offrez-vous des cours en ligne?<\/h3>\n    \n\n<p>Oui ! Nous offrons actuellement des cours en ligne pour plusieurs de nos cours <a href=\"https:\/\/cdc-vimont.swlauriersb.vortexdev.com\/fr\/program\/hs-dep-prereq\/\" data-type=\"link\" data-id=\"https:\/\/cdc-vimont.swlauriersb.vortexdev.com\/fr\/program\/hs-dep-prereq\/\">pr\u00e9alables du secondaire, du DEP et du CEGEP.<\/a> Veuillez noter que les examens pour les cours en ligne se font toujours en personne dans l&#8217;un de nos centres. Pour des renseignements additionnels, veuillez communiquer directement avec nous au 450 688.2933 \/ 1 877 688.2933.<\/p>\n\n\n<\/div>\n\n                    \n\n\n<div class=\"block-accordion  theme-block theme-block--innerblock aligndefault\">\n    <span class=\"theme-block__label\">Accord\u00e9on<\/span>\n    <h3 class=\"block-accordion__title\">Offrez-vous des cours de fran\u00e7ais?<\/h3>\n    \n\n<p>Oui, nous proposons des cours de <a href=\"https:\/\/cdc-vimont.swlauriersb.vortexdev.com\/fr\/program\/francization-schedule\/\" data-type=\"link\" data-id=\"https:\/\/cdc-vimont.swlauriersb.vortexdev.com\/program\/francization-schedule\/\">francisation <\/a>aux allophones ou aux immigrants r\u00e9cents qui souhaitent s&#8217;int\u00e9grer \u00e0 la culture qu\u00e9b\u00e9coise et apprendre le fran\u00e7ais. Nous proposons \u00e9galement des cours de fran\u00e7ais langue seconde pour toute personne souhaitant am\u00e9liorer ses comp\u00e9tences en fran\u00e7ais.<\/p>\n\n\n<\/div>\n\n                    \n\n\n<div class=\"block-accordion  theme-block theme-block--innerblock aligndefault\">\n    <span class=\"theme-block__label\">Accord\u00e9on<\/span>\n    <h3 class=\"block-accordion__title\">Offrez-vous des cours d\u2019anglais?<\/h3>\n    \n\n<p>Oui, nous offrons des cours <a href=\"https:\/\/cdc-vimont.swlauriersb.vortexdev.com\/fr\/program\/basic-english-schedule\/\" data-type=\"link\" data-id=\"https:\/\/cdc-vimont.swlauriersb.vortexdev.com\/fr\/program\/basic-english-schedule\/\">d\u2019anglais de base <\/a>pour ceux et celles qui veulent apprendre l\u2019anglais comme langue seconde ou m\u00eame comme troisi\u00e8me langue.&nbsp; Nous offrons aussi des cours pour ceux et celles qui veulent am\u00e9liorer leur anglais au travail au dans leur quotidien.<\/p>\n\n\n<\/div>\n\n                    \n\n\n<div class=\"block-accordion  theme-block theme-block--innerblock aligndefault\">\n    <span class=\"theme-block__label\">Accord\u00e9on<\/span>\n    <h3 class=\"block-accordion__title\">J\u2019aimerais obtenir de l\u2019information sur le test d\u2019\u00e9quivalence de niveau secondaire (TENS) et le test de d\u00e9veloppement g\u00e9n\u00e9ral (TDG). Comment dois-je proc\u00e9der?<\/h3>\n    \n\n<p>Pour obtenir des renseignements sur le test d&#8217;\u00e9quivalence de niveau secondaire et le test de d\u00e9veloppement g\u00e9n\u00e9ral, vous pouvez consulter la section <a href=\"https:\/\/cdc-vimont.swlauriersb.vortexdev.com\/fr\/other-services-offered\/\" data-type=\"link\" data-id=\"https:\/\/cdc-vimont.swlauriersb.vortexdev.com\/fr\/other-services-offered\/\">Autres services offerts <\/a>ou communiquer avec nos services <a href=\"https:\/\/cdc-vimont.swlauriersb.vortexdev.com\/fr\/other-services-offered\/sarca\/\" data-type=\"link\" data-id=\"https:\/\/cdc-vimont.swlauriersb.vortexdev.com\/fr\/other-services-offered\/sarca\/\">SARCA <\/a>au 450 688.2933.<\/p>\n\n\n<\/div>\n\n                    \n\n\n<div class=\"block-accordion  theme-block theme-block--innerblock aligndefault\">\n    <span class=\"theme-block__label\">Accord\u00e9on<\/span>\n    <h3 class=\"block-accordion__title\">Offrez-vous des cours \u00e0 distance?<\/h3>\n    \n\n<p>Nous offrons des cours\u00a0en partenariat avec le service de <a href=\"http:\/\/distanceeducation-etsb.com\/\" data-type=\"link\" data-id=\"http:\/\/distanceeducation-etsb.com\/fr\/\">formation \u00e0 distance<\/a> de la Commission scolaire\u00a0Eastern Townships.\u00a0Pour plus de d\u00e9tails, veuillez communiquer avec\u00a0nous au 450 688.2933.<\/p>\n\n\n<\/div>\n\n                    \n\n\n<div class=\"block-accordion  theme-block theme-block--innerblock aligndefault\">\n    <span class=\"theme-block__label\">Accord\u00e9on<\/span>\n    <h3 class=\"block-accordion__title\">Je suis un nouvel immigrant qui vient d\u2019arriver dans la r\u00e9gion. \u00c0 qui puis-je parler pour obtenir de l\u2019information sur le syst\u00e8me \u00e9ducatif et les divers programmes de formation?<\/h3>\n    \n\n<p>Veuillez communiquer avec notre service de <a href=\"https:\/\/cdc-vimont.swlauriersb.vortexdev.com\/fr\/other-services-offered\/sarca\/\">SARCA <\/a>(Service d&#8217;accueil, d&#8217;orientation, de conseil et d&#8217;accompagnement) au 450 688.2933 pour parler avec un(e) conseill\u00e8r(e).<\/p>\n\n\n<\/div>\n\n                    \n\n\n<div class=\"block-accordion  theme-block theme-block--innerblock aligndefault\">\n    <span class=\"theme-block__label\">Accord\u00e9on<\/span>\n    <h3 class=\"block-accordion__title\">Quel \u00e2ge dois-je avoir pour m\u2019inscrire?<\/h3>\n    \n\n<p>Toute personne d\u00e9sirant s\u2019inscrire\u00a0\u00e0 un de nos programmes\u00a0doit \u00eatre \u00e2g\u00e9e d\u2019au moins seize (16) ans au 30 juin de l\u2019ann\u00e9e courante. Pour plus d&#8217;informations, veuillez consulter la section <a href=\"https:\/\/cdc-vimont.swlauriersb.vortexdev.com\/fr\/admission\/\">Admission<\/a>.<\/p>\n\n\n<\/div>\n\n                    \n\n\n<div class=\"block-accordion  theme-block theme-block--innerblock aligndefault\">\n    <span class=\"theme-block__label\">Accord\u00e9on<\/span>\n    <h3 class=\"block-accordion__title\">Offrez-vous des cours de soir?<\/h3>\n    \n\n<p>Oui ! Des cours du soir sont offerts au CDC Vimont pour plusieurs de nos programmes. Veuillez consulter la page <a href=\"https:\/\/cdc-vimont.swlauriersb.vortexdev.com\/fr\/programs\/\">Programmes<\/a> pour obtenir les horaires d\u00e9taill\u00e9s des cours.<\/p>\n\n\n<\/div>\n\n                    \n\n\n<div class=\"block-accordion  theme-block theme-block--innerblock aligndefault\">\n    <span class=\"theme-block__label\">Accord\u00e9on<\/span>\n    <h3 class=\"block-accordion__title\">Puis-je suivre mes cours \u00e0 mon propre rythme?<\/h3>\n    \n\n<p>Oui, plusieurs cours sont offerts de fa\u00e7on individualis\u00e9e donc, les \u00e9l\u00e8ves peuvent avancer \u00e0 leur propre rythme. Pour plus d&#8217;informations, veuillez consulter la page <a href=\"https:\/\/cdc-vimont.swlauriersb.vortexdev.com\/fr\/programs\/\">Programmes<\/a>.<\/p>\n\n\n<\/div>\n\n                    \n\n\n<\/div>\n","protected":false},"excerpt":{"rendered":"","protected":false},"author":1,"featured_media":1310,"parent":0,"menu_order":0,"comment_status":"closed","ping_status":"closed","template":"","meta":{"_acf_changed":false,"_relevanssi_hide_post":"","_relevanssi_hide_content":"","_relevanssi_pin_for_all":"","_relevanssi_pin_keywords":"","_relevanssi_unpin_keywords":"","_relevanssi_related_keywords":"","_relevanssi_related_include_ids":"","_relevanssi_related_exclude_ids":"","_relevanssi_related_no_append":"","_relevanssi_related_not_related":"","_relevanssi_related_posts":"","_relevanssi_noindex_reason":"","footnotes":""},"acf":[],"_links":{"self":[{"href":"https:\/\/cdc-vimont.swlauriersb.vortexdev.com\/fr\/wp-json\/wp\/v2\/pages\/674"}],"collection":[{"href":"https:\/\/cdc-vimont.swlauriersb.vortexdev.com\/fr\/wp-json\/wp\/v2\/pages"}],"about":[{"href":"https:\/\/cdc-vimont.swlauriersb.vortexdev.com\/fr\/wp-json\/wp\/v2\/types\/page"}],"author":[{"embeddable":true,"href":"https:\/\/cdc-vimont.swlauriersb.vortexdev.com\/fr\/wp-json\/wp\/v2\/users\/1"}],"replies":[{"embeddable":true,"href":"https:\/\/cdc-vimont.swlauriersb.vortexdev.com\/fr\/wp-json\/wp\/v2\/comments?post=674"}],"version-history":[{"count":8,"href":"https:\/\/cdc-vimont.swlauriersb.vortexdev.com\/fr\/wp-json\/wp\/v2\/pages\/674\/revisions"}],"predecessor-version":[{"id":1473,"href":"https:\/\/cdc-vimont.swlauriersb.vortexdev.com\/fr\/wp-json\/wp\/v2\/pages\/674\/revisions\/1473"}],"wp:featuredmedia":[{"embeddable":true,"href":"https:\/\/cdc-vimont.swlauriersb.vortexdev.com\/fr\/wp-json\/wp\/v2\/media\/1310"}],"wp:attachment":[{"href":"https:\/\/cdc-vimont.swlauriersb.vortexdev.com\/fr\/wp-json\/wp\/v2\/media?parent=674"}],"curies":[{"name":"wp","href":"https:\/\/api.w.org\/{rel}","templated":true}]}}